{"id":3896,"date":"2026-01-21T12:06:06","date_gmt":"2026-01-21T12:06:06","guid":{"rendered":"https:\/\/syzan.com\/dienstleistungen\/"},"modified":"2026-05-12T07:50:24","modified_gmt":"2026-05-12T07:50:24","slug":"dienstleistungen","status":"publish","type":"page","link":"https:\/\/syzan.com\/de\/dienstleistungen\/","title":{"rendered":"Dienstleistungen"},"content":{"rendered":"\t\t<div data-elementor-type=\"wp-page\" data-elementor-id=\"3896\" class=\"elementor elementor-3896 elementor-622\" data-elementor-post-type=\"page\">\n\t\t\t\t<div class=\"elementor-element elementor-element-93f82e1 e-flex e-con-boxed e-con e-parent\" data-id=\"93f82e1\" data-element_type=\"container\" data-e-type=\"container\" data-settings=\"{&quot;background_background&quot;:&quot;classic&quot;}\">\n\t\t\t\t\t<div class=\"e-con-inner\">\n\t\t<div class=\"elementor-element elementor-element-f817b18 e-con-full e-flex e-con e-child\" data-id=\"f817b18\" data-element_type=\"container\" data-e-type=\"container\">\n\t\t\t\t<div class=\"elementor-element elementor-element-76fc6dd elementor-widget elementor-widget-heading\" data-id=\"76fc6dd\" data-element_type=\"widget\" data-e-type=\"widget\" data-widget_type=\"heading.default\">\n\t\t\t\t\t<h1 class=\"elementor-heading-title elementor-size-default\">Vom Konzept bis zur Lieferung - Pr\u00e4zision, Geschwindigkeit und Qualit\u00e4t<\/h1>\t\t\t\t<\/div>\n\t\t\t\t<div class=\"elementor-element elementor-element-871c762 elementor-widget__width-initial elementor-widget elementor-widget-text-editor\" data-id=\"871c762\" data-element_type=\"widget\" data-e-type=\"widget\" data-widget_type=\"text-editor.default\">\n\t\t\t\t\t\t\t\t\t<p>Bei Syzan Contract Manufacturing verwandeln wir Konzepte in hochwertige Produkte und bieten End-to-End-Fertigungsl\u00f6sungen f\u00fcr OEM- und Industriepartner weltweit.<\/p>\t\t\t\t\t\t\t\t<\/div>\n\t\t\t\t<\/div>\n\t\t\t\t\t<\/div>\n\t\t\t\t<\/div>\n\t\t<div class=\"elementor-element elementor-element-759f9bf e-flex e-con-boxed e-con e-parent\" data-id=\"759f9bf\" data-element_type=\"container\" data-e-type=\"container\">\n\t\t\t\t\t<div class=\"e-con-inner\">\n\t\t<div class=\"elementor-element elementor-element-cd4dbd6 e-con-full e-flex e-con e-child\" data-id=\"cd4dbd6\" data-element_type=\"container\" data-e-type=\"container\">\n\t\t\t\t<div class=\"elementor-element elementor-element-b157db3 elementor-widget elementor-widget-text-editor\" data-id=\"b157db3\" data-element_type=\"widget\" data-e-type=\"widget\" data-widget_type=\"text-editor.default\">\n\t\t\t\t\t\t\t\t\t<p>WAS WIR TUN<\/p>\t\t\t\t\t\t\t\t<\/div>\n\t\t\t\t<div class=\"elementor-element elementor-element-8ce48d2 elementor-widget elementor-widget-image\" data-id=\"8ce48d2\" data-element_type=\"widget\" data-e-type=\"widget\" data-widget_type=\"image.default\">\n\t\t\t\t\t\t\t\t\t\t\t\t\t\t\t<img decoding=\"async\" width=\"9\" height=\"9\" src=\"https:\/\/syzan.com\/wp-content\/uploads\/2025\/12\/Ellipse-1.svg\" class=\"attachment-large size-large wp-image-3430\" alt=\"\" \/>\t\t\t\t\t\t\t\t\t\t\t\t\t\t\t<\/div>\n\t\t\t\t<\/div>\n\t\t<div class=\"elementor-element elementor-element-34edb98 e-con-full e-flex e-con e-child\" data-id=\"34edb98\" data-element_type=\"container\" data-e-type=\"container\">\n\t\t\t\t<div class=\"elementor-element elementor-element-a87f9a0 elementor-widget elementor-widget-heading\" data-id=\"a87f9a0\" data-element_type=\"widget\" data-e-type=\"widget\" data-widget_type=\"heading.default\">\n\t\t\t\t\t<h2 class=\"elementor-heading-title elementor-size-default\">Unser umfassender Service<\/h2>\t\t\t\t<\/div>\n\t\t\t\t<div class=\"elementor-element elementor-element-1a8358b elementor-widget elementor-widget-text-editor\" data-id=\"1a8358b\" data-element_type=\"widget\" data-e-type=\"widget\" data-widget_type=\"text-editor.default\">\n\t\t\t\t\t\t\t\t\t<p>Bei Syzan Contract Manufacturing liefern wir fortschrittliche Produktionsl\u00f6sungen, die die Visionen unserer Kunden in die industrielle Realit\u00e4t umsetzen &#8211; mit einer Kombination aus Pr\u00e4zision, Innovation und Geschwindigkeit in jeder Phase des Prozesses.<\/p>\t\t\t\t\t\t\t\t<\/div>\n\t\t\t\t<div class=\"elementor-element elementor-element-09971ef elementor-widget elementor-widget-button\" data-id=\"09971ef\" data-element_type=\"widget\" data-e-type=\"widget\" data-widget_type=\"button.default\">\n\t\t\t\t\t\t\t\t\t\t<a class=\"elementor-button elementor-button-link elementor-size-sm\" href=\"#services\">\n\t\t\t\t\t\t<span class=\"elementor-button-content-wrapper\">\n\t\t\t\t\t\t<span class=\"elementor-button-icon\">\n\t\t\t\t<svg xmlns=\"http:\/\/www.w3.org\/2000\/svg\" width=\"5\" height=\"9\" viewBox=\"0 0 5 9\" fill=\"none\"><path d=\"M0.383 8.95C0.27765 8.95 0.1875 8.9156 0.1125 8.84675C0.0375002 8.7781 0 8.6875 0 8.575V0.375C0 0.2625 0.0386502 0.17185 0.116 0.103C0.19315 0.0343502 0.28325 0 0.38625 0C0.4121 0 0.5 0.04165 0.65 0.125L4.6 4.075C4.65 4.125 4.69165 4.18385 4.725 4.2515C4.75835 4.31915 4.775 4.39365 4.775 4.475C4.775 4.55615 4.75835 4.63065 4.725 4.6985C4.69165 4.76615 4.65 4.825 4.6 4.875L0.65 8.825C0.61665 8.85835 0.577 8.8875 0.531 8.9125C0.48485 8.9375 0.4355 8.95 0.383 8.95Z\" fill=\"#202020\"><\/path><\/svg>\t\t\t<\/span>\n\t\t\t\t\t\t\t\t\t<span class=\"elementor-button-text\">Entdecken Sie unsere Dienstleistungen<\/span>\n\t\t\t\t\t<\/span>\n\t\t\t\t\t<\/a>\n\t\t\t\t\t\t\t\t<\/div>\n\t\t\t\t<\/div>\n\t\t\t\t\t<\/div>\n\t\t\t\t<\/div>\n\t\t<div class=\"elementor-element elementor-element-cbd9273 e-flex e-con-boxed e-con e-parent\" data-id=\"cbd9273\" data-element_type=\"container\" data-e-type=\"container\" id=\"services\">\n\t\t\t\t\t<div class=\"e-con-inner\">\n\t\t<div class=\"elementor-element elementor-element-9baf82c e-grid e-con-full e-con e-child\" data-id=\"9baf82c\" data-element_type=\"container\" data-e-type=\"container\">\n\t\t<div class=\"elementor-element elementor-element-9513a98 e-con-full e-flex e-con e-child\" data-id=\"9513a98\" data-element_type=\"container\" data-e-type=\"container\">\n\t\t\t\t<div class=\"elementor-element elementor-element-98f126c elementor-widget elementor-widget-image\" data-id=\"98f126c\" data-element_type=\"widget\" data-e-type=\"widget\" data-widget_type=\"image.default\">\n\t\t\t\t\t\t\t\t\t\t\t\t\t\t\t<img decoding=\"async\" width=\"92\" height=\"92\" src=\"https:\/\/syzan.com\/wp-content\/uploads\/2026\/02\/design-prototyping.svg\" class=\"attachment-large size-large wp-image-3330\" alt=\"\" \/>\t\t\t\t\t\t\t\t\t\t\t\t\t\t\t<\/div>\n\t\t\t\t<div class=\"elementor-element elementor-element-d93c303 elementor-widget elementor-widget-heading\" data-id=\"d93c303\" data-element_type=\"widget\" data-e-type=\"widget\" data-widget_type=\"heading.default\">\n\t\t\t\t\t<h3 class=\"elementor-heading-title elementor-size-default\">Technik <\/br>&amp; Prototyping<\/h3>\t\t\t\t<\/div>\n\t\t\t\t<div class=\"elementor-element elementor-element-6819064 elementor-widget elementor-widget-text-editor\" data-id=\"6819064\" data-element_type=\"widget\" data-e-type=\"widget\" data-widget_type=\"text-editor.default\">\n\t\t\t\t\t\t\t\t\t<p>Vom Konzept zur Realit\u00e4t &#8211; wir entwerfen und verfeinern Designs mit Pr\u00e4zision, Geschwindigkeit und Innovation.<\/p>\t\t\t\t\t\t\t\t<\/div>\n\t\t\t\t<div class=\"elementor-element elementor-element-46008ef elementor-widget elementor-widget-button\" data-id=\"46008ef\" data-element_type=\"widget\" data-e-type=\"widget\" data-widget_type=\"button.default\">\n\t\t\t\t\t\t\t\t\t\t<a class=\"elementor-button elementor-button-link elementor-size-sm\" href=\"https:\/\/syzan.com\/design-and-prototyping\/\">\n\t\t\t\t\t\t<span class=\"elementor-button-content-wrapper\">\n\t\t\t\t\t\t<span class=\"elementor-button-icon\">\n\t\t\t\t<svg xmlns=\"http:\/\/www.w3.org\/2000\/svg\" width=\"5\" height=\"9\" viewBox=\"0 0 5 9\" fill=\"none\"><path d=\"M0.383 8.95C0.27765 8.95 0.1875 8.9156 0.1125 8.84675C0.0375002 8.7781 0 8.6875 0 8.575V0.375C0 0.2625 0.0386502 0.17185 0.116 0.103C0.19315 0.0343502 0.28325 0 0.38625 0C0.4121 0 0.5 0.04165 0.65 0.125L4.6 4.075C4.65 4.125 4.69165 4.18385 4.725 4.2515C4.75835 4.31915 4.775 4.39365 4.775 4.475C4.775 4.55615 4.75835 4.63065 4.725 4.6985C4.69165 4.76615 4.65 4.825 4.6 4.875L0.65 8.825C0.61665 8.85835 0.577 8.8875 0.531 8.9125C0.48485 8.9375 0.4355 8.95 0.383 8.95Z\" fill=\"#202020\"><\/path><\/svg>\t\t\t<\/span>\n\t\t\t\t\t\t\t\t<\/span>\n\t\t\t\t\t<\/a>\n\t\t\t\t\t\t\t\t<\/div>\n\t\t\t\t<\/div>\n\t\t<div class=\"elementor-element elementor-element-4f9ca10 e-con-full e-flex e-con e-child\" data-id=\"4f9ca10\" data-element_type=\"container\" data-e-type=\"container\">\n\t\t\t\t<div class=\"elementor-element elementor-element-f9cc57e elementor-widget elementor-widget-image\" data-id=\"f9cc57e\" data-element_type=\"widget\" data-e-type=\"widget\" data-widget_type=\"image.default\">\n\t\t\t\t\t\t\t\t\t\t\t\t\t\t\t<img decoding=\"async\" width=\"92\" height=\"92\" src=\"https:\/\/syzan.com\/wp-content\/uploads\/2026\/02\/metal-fabrication.svg\" class=\"attachment-large size-large wp-image-3332\" alt=\"\" \/>\t\t\t\t\t\t\t\t\t\t\t\t\t\t\t<\/div>\n\t\t\t\t<div class=\"elementor-element elementor-element-5b9e2aa elementor-widget elementor-widget-heading\" data-id=\"5b9e2aa\" data-element_type=\"widget\" data-e-type=\"widget\" data-widget_type=\"heading.default\">\n\t\t\t\t\t<h3 class=\"elementor-heading-title elementor-size-default\">Herstellung von Metall <\/br><\/h3>\t\t\t\t<\/div>\n\t\t\t\t<div class=\"elementor-element elementor-element-f3c8d34 elementor-widget elementor-widget-text-editor\" data-id=\"f3c8d34\" data-element_type=\"widget\" data-e-type=\"widget\" data-widget_type=\"text-editor.default\">\n\t\t\t\t\t\t\t\t\t<p>Nahtlose Koordination und Kommunikation sorgen daf\u00fcr, dass jedes Projekt p\u00fcnktlich und nach den h\u00f6chsten Standards abl\u00e4uft.<\/p>\t\t\t\t\t\t\t\t<\/div>\n\t\t\t\t<div class=\"elementor-element elementor-element-fe179f5 elementor-widget elementor-widget-button\" data-id=\"fe179f5\" data-element_type=\"widget\" data-e-type=\"widget\" data-widget_type=\"button.default\">\n\t\t\t\t\t\t\t\t\t\t<a class=\"elementor-button elementor-button-link elementor-size-sm\" href=\"https:\/\/syzan.com\/metal-fabrication\/\">\n\t\t\t\t\t\t<span class=\"elementor-button-content-wrapper\">\n\t\t\t\t\t\t<span class=\"elementor-button-icon\">\n\t\t\t\t<svg xmlns=\"http:\/\/www.w3.org\/2000\/svg\" width=\"5\" height=\"9\" viewBox=\"0 0 5 9\" fill=\"none\"><path d=\"M0.383 8.95C0.27765 8.95 0.1875 8.9156 0.1125 8.84675C0.0375002 8.7781 0 8.6875 0 8.575V0.375C0 0.2625 0.0386502 0.17185 0.116 0.103C0.19315 0.0343502 0.28325 0 0.38625 0C0.4121 0 0.5 0.04165 0.65 0.125L4.6 4.075C4.65 4.125 4.69165 4.18385 4.725 4.2515C4.75835 4.31915 4.775 4.39365 4.775 4.475C4.775 4.55615 4.75835 4.63065 4.725 4.6985C4.69165 4.76615 4.65 4.825 4.6 4.875L0.65 8.825C0.61665 8.85835 0.577 8.8875 0.531 8.9125C0.48485 8.9375 0.4355 8.95 0.383 8.95Z\" fill=\"#202020\"><\/path><\/svg>\t\t\t<\/span>\n\t\t\t\t\t\t\t\t<\/span>\n\t\t\t\t\t<\/a>\n\t\t\t\t\t\t\t\t<\/div>\n\t\t\t\t<\/div>\n\t\t<div class=\"elementor-element elementor-element-fc29e62 e-con-full e-flex e-con e-child\" data-id=\"fc29e62\" data-element_type=\"container\" data-e-type=\"container\">\n\t\t\t\t<div class=\"elementor-element elementor-element-61e334c elementor-widget elementor-widget-image\" data-id=\"61e334c\" data-element_type=\"widget\" data-e-type=\"widget\" data-widget_type=\"image.default\">\n\t\t\t\t\t\t\t\t\t\t\t\t\t\t\t<img loading=\"lazy\" decoding=\"async\" width=\"92\" height=\"92\" src=\"https:\/\/syzan.com\/wp-content\/uploads\/2026\/02\/assembly.svg\" class=\"attachment-large size-large wp-image-3333\" alt=\"\" \/>\t\t\t\t\t\t\t\t\t\t\t\t\t\t\t<\/div>\n\t\t\t\t<div class=\"elementor-element elementor-element-79e229d elementor-widget elementor-widget-heading\" data-id=\"79e229d\" data-element_type=\"widget\" data-e-type=\"widget\" data-widget_type=\"heading.default\">\n\t\t\t\t\t<h3 class=\"elementor-heading-title elementor-size-default\">Montage\n<\/h3>\t\t\t\t<\/div>\n\t\t\t\t<div class=\"elementor-element elementor-element-0896f22 elementor-widget elementor-widget-text-editor\" data-id=\"0896f22\" data-element_type=\"widget\" data-e-type=\"widget\" data-widget_type=\"text-editor.default\">\n\t\t\t\t\t\t\t\t\t<p>Effiziente, detailgetreue Montageprozesse f\u00fcgen jedes Teil zu einem makellosen Endprodukt zusammen.<\/p>\t\t\t\t\t\t\t\t<\/div>\n\t\t\t\t<div class=\"elementor-element elementor-element-09dc80f elementor-widget elementor-widget-button\" data-id=\"09dc80f\" data-element_type=\"widget\" data-e-type=\"widget\" data-widget_type=\"button.default\">\n\t\t\t\t\t\t\t\t\t\t<a class=\"elementor-button elementor-button-link elementor-size-sm\" href=\"https:\/\/syzan.com\/de\/montage\/\">\n\t\t\t\t\t\t<span class=\"elementor-button-content-wrapper\">\n\t\t\t\t\t\t<span class=\"elementor-button-icon\">\n\t\t\t\t<svg xmlns=\"http:\/\/www.w3.org\/2000\/svg\" width=\"5\" height=\"9\" viewBox=\"0 0 5 9\" fill=\"none\"><path d=\"M0.383 8.95C0.27765 8.95 0.1875 8.9156 0.1125 8.84675C0.0375002 8.7781 0 8.6875 0 8.575V0.375C0 0.2625 0.0386502 0.17185 0.116 0.103C0.19315 0.0343502 0.28325 0 0.38625 0C0.4121 0 0.5 0.04165 0.65 0.125L4.6 4.075C4.65 4.125 4.69165 4.18385 4.725 4.2515C4.75835 4.31915 4.775 4.39365 4.775 4.475C4.775 4.55615 4.75835 4.63065 4.725 4.6985C4.69165 4.76615 4.65 4.825 4.6 4.875L0.65 8.825C0.61665 8.85835 0.577 8.8875 0.531 8.9125C0.48485 8.9375 0.4355 8.95 0.383 8.95Z\" fill=\"#202020\"><\/path><\/svg>\t\t\t<\/span>\n\t\t\t\t\t\t\t\t<\/span>\n\t\t\t\t\t<\/a>\n\t\t\t\t\t\t\t\t<\/div>\n\t\t\t\t<\/div>\n\t\t<div class=\"elementor-element elementor-element-0aa8e95 e-con-full e-flex e-con e-child\" data-id=\"0aa8e95\" data-element_type=\"container\" data-e-type=\"container\">\n\t\t\t\t<div class=\"elementor-element elementor-element-105f368 elementor-widget elementor-widget-image\" data-id=\"105f368\" data-element_type=\"widget\" data-e-type=\"widget\" data-widget_type=\"image.default\">\n\t\t\t\t\t\t\t\t\t\t\t\t\t\t\t<img loading=\"lazy\" decoding=\"async\" width=\"92\" height=\"92\" src=\"https:\/\/syzan.com\/wp-content\/uploads\/2026\/02\/project-management.svg\" class=\"attachment-large size-large wp-image-3331\" alt=\"\" \/>\t\t\t\t\t\t\t\t\t\t\t\t\t\t\t<\/div>\n\t\t\t\t<div class=\"elementor-element elementor-element-74f43cd elementor-widget elementor-widget-heading\" data-id=\"74f43cd\" data-element_type=\"widget\" data-e-type=\"widget\" data-widget_type=\"heading.default\">\n\t\t\t\t\t<h3 class=\"elementor-heading-title elementor-size-default\">Projekt<\/br>management<\/h3>\t\t\t\t<\/div>\n\t\t\t\t<div class=\"elementor-element elementor-element-3e07686 elementor-widget elementor-widget-text-editor\" data-id=\"3e07686\" data-element_type=\"widget\" data-e-type=\"widget\" data-widget_type=\"text-editor.default\">\n\t\t\t\t\t\t\t\t\t<p>Nahtlose Koordination und transparente Kommunikation sorgen daf\u00fcr, dass jedes Projekt p\u00fcnktlich und nach den h\u00f6chsten Standards abl\u00e4uft.<\/p>\t\t\t\t\t\t\t\t<\/div>\n\t\t\t\t<div class=\"elementor-element elementor-element-5e1d01c elementor-widget elementor-widget-button\" data-id=\"5e1d01c\" data-element_type=\"widget\" data-e-type=\"widget\" data-widget_type=\"button.default\">\n\t\t\t\t\t\t\t\t\t\t<a class=\"elementor-button elementor-button-link elementor-size-sm\" href=\"https:\/\/syzan.com\/de\/projektleitung\/\">\n\t\t\t\t\t\t<span class=\"elementor-button-content-wrapper\">\n\t\t\t\t\t\t<span class=\"elementor-button-icon\">\n\t\t\t\t<svg xmlns=\"http:\/\/www.w3.org\/2000\/svg\" width=\"5\" height=\"9\" viewBox=\"0 0 5 9\" fill=\"none\"><path d=\"M0.383 8.95C0.27765 8.95 0.1875 8.9156 0.1125 8.84675C0.0375002 8.7781 0 8.6875 0 8.575V0.375C0 0.2625 0.0386502 0.17185 0.116 0.103C0.19315 0.0343502 0.28325 0 0.38625 0C0.4121 0 0.5 0.04165 0.65 0.125L4.6 4.075C4.65 4.125 4.69165 4.18385 4.725 4.2515C4.75835 4.31915 4.775 4.39365 4.775 4.475C4.775 4.55615 4.75835 4.63065 4.725 4.6985C4.69165 4.76615 4.65 4.825 4.6 4.875L0.65 8.825C0.61665 8.85835 0.577 8.8875 0.531 8.9125C0.48485 8.9375 0.4355 8.95 0.383 8.95Z\" fill=\"#202020\"><\/path><\/svg>\t\t\t<\/span>\n\t\t\t\t\t\t\t\t<\/span>\n\t\t\t\t\t<\/a>\n\t\t\t\t\t\t\t\t<\/div>\n\t\t\t\t<\/div>\n\t\t<div class=\"elementor-element elementor-element-f9013ec e-con-full e-flex e-con e-child\" data-id=\"f9013ec\" data-element_type=\"container\" data-e-type=\"container\">\n\t\t\t\t<div class=\"elementor-element elementor-element-19c6fef elementor-widget elementor-widget-image\" data-id=\"19c6fef\" data-element_type=\"widget\" data-e-type=\"widget\" data-widget_type=\"image.default\">\n\t\t\t\t\t\t\t\t\t\t\t\t\t\t\t<img loading=\"lazy\" decoding=\"async\" width=\"92\" height=\"92\" src=\"https:\/\/syzan.com\/wp-content\/uploads\/2026\/02\/packing-logistics.svg\" class=\"attachment-large size-large wp-image-3334\" alt=\"\" \/>\t\t\t\t\t\t\t\t\t\t\t\t\t\t\t<\/div>\n\t\t\t\t<div class=\"elementor-element elementor-element-334b594 elementor-widget elementor-widget-heading\" data-id=\"334b594\" data-element_type=\"widget\" data-e-type=\"widget\" data-widget_type=\"heading.default\">\n\t\t\t\t\t<h3 class=\"elementor-heading-title elementor-size-default\">Verpacken<\/br>&amp; Logistik<\/h3>\t\t\t\t<\/div>\n\t\t\t\t<div class=\"elementor-element elementor-element-ba0d16c elementor-widget elementor-widget-text-editor\" data-id=\"ba0d16c\" data-element_type=\"widget\" data-e-type=\"widget\" data-widget_type=\"text-editor.default\">\n\t\t\t\t\t\t\t\t\t<p>Intelligente, nachhaltige Verpackungen und eine zuverl\u00e4ssige Logistik garantieren eine sichere und p\u00fcnktliche Lieferung, jedes Mal.<\/p>\t\t\t\t\t\t\t\t<\/div>\n\t\t\t\t<div class=\"elementor-element elementor-element-6862073 elementor-widget elementor-widget-button\" data-id=\"6862073\" data-element_type=\"widget\" data-e-type=\"widget\" data-widget_type=\"button.default\">\n\t\t\t\t\t\t\t\t\t\t<a class=\"elementor-button elementor-button-link elementor-size-sm\" href=\"https:\/\/syzan.com\/de\/verpackung-logistik\/\">\n\t\t\t\t\t\t<span class=\"elementor-button-content-wrapper\">\n\t\t\t\t\t\t<span class=\"elementor-button-icon\">\n\t\t\t\t<svg xmlns=\"http:\/\/www.w3.org\/2000\/svg\" width=\"5\" height=\"9\" viewBox=\"0 0 5 9\" fill=\"none\"><path d=\"M0.383 8.95C0.27765 8.95 0.1875 8.9156 0.1125 8.84675C0.0375002 8.7781 0 8.6875 0 8.575V0.375C0 0.2625 0.0386502 0.17185 0.116 0.103C0.19315 0.0343502 0.28325 0 0.38625 0C0.4121 0 0.5 0.04165 0.65 0.125L4.6 4.075C4.65 4.125 4.69165 4.18385 4.725 4.2515C4.75835 4.31915 4.775 4.39365 4.775 4.475C4.775 4.55615 4.75835 4.63065 4.725 4.6985C4.69165 4.76615 4.65 4.825 4.6 4.875L0.65 8.825C0.61665 8.85835 0.577 8.8875 0.531 8.9125C0.48485 8.9375 0.4355 8.95 0.383 8.95Z\" fill=\"#202020\"><\/path><\/svg>\t\t\t<\/span>\n\t\t\t\t\t\t\t\t<\/span>\n\t\t\t\t\t<\/a>\n\t\t\t\t\t\t\t\t<\/div>\n\t\t\t\t<\/div>\n\t\t\t\t<\/div>\n\t\t\t\t\t<\/div>\n\t\t\t\t<\/div>\n\t\t<div class=\"elementor-element elementor-element-18d7ee8 e-flex e-con-boxed e-con e-parent\" data-id=\"18d7ee8\" data-element_type=\"container\" data-e-type=\"container\" data-settings=\"{&quot;background_background&quot;:&quot;classic&quot;}\">\n\t\t\t\t\t<div class=\"e-con-inner\">\n\t\t<div class=\"elementor-element elementor-element-4c39607 e-con-full e-flex e-con e-child\" data-id=\"4c39607\" data-element_type=\"container\" data-e-type=\"container\">\n\t\t\t\t<div class=\"elementor-element elementor-element-e3ebccd elementor-widget elementor-widget-heading\" data-id=\"e3ebccd\" data-element_type=\"widget\" data-e-type=\"widget\" data-widget_type=\"heading.default\">\n\t\t\t\t\t<h2 class=\"elementor-heading-title elementor-size-default\">Bereit zur Zusammenarbeit?<\/h2>\t\t\t\t<\/div>\n\t\t\t\t<div class=\"elementor-element elementor-element-3eba5d4 elementor-widget__width-initial elementor-widget elementor-widget-text-editor\" data-id=\"3eba5d4\" data-element_type=\"widget\" data-e-type=\"widget\" data-widget_type=\"text-editor.default\">\n\t\t\t\t\t\t\t\t\t<p>Wir erwecken Ihr Projekt zum Leben.<br\/>Setzen Sie sich mit unserem Expertenteam in Verbindung, um die Details zu besprechen &#8211; wir w\u00fcrden gerne mehr \u00fcber Ihre Ziele erfahren und herausfinden, wie unsere L\u00f6sungen Ihren Erfolg unterst\u00fctzen k\u00f6nnen.<\/p>\t\t\t\t\t\t\t\t<\/div>\n\t\t<div class=\"elementor-element elementor-element-2e2d214 e-con-full e-flex e-con e-child\" data-id=\"2e2d214\" data-element_type=\"container\" data-e-type=\"container\">\n\t\t\t\t<div class=\"elementor-element elementor-element-d055b53 elementor-widget elementor-widget-button\" data-id=\"d055b53\" data-element_type=\"widget\" data-e-type=\"widget\" data-widget_type=\"button.default\">\n\t\t\t\t\t\t\t\t\t\t<a class=\"elementor-button elementor-button-link elementor-size-sm\" href=\"https:\/\/syzan.com\/contact\/\">\n\t\t\t\t\t\t<span class=\"elementor-button-content-wrapper\">\n\t\t\t\t\t\t<span class=\"elementor-button-icon\">\n\t\t\t\t<svg xmlns=\"http:\/\/www.w3.org\/2000\/svg\" width=\"5\" height=\"9\" viewBox=\"0 0 5 9\" fill=\"none\"><path d=\"M0.383 8.95C0.27765 8.95 0.1875 8.9156 0.1125 8.84675C0.0375002 8.7781 0 8.6875 0 8.575V0.375C0 0.2625 0.0386502 0.17185 0.116 0.103C0.19315 0.0343502 0.28325 0 0.38625 0C0.4121 0 0.5 0.04165 0.65 0.125L4.6 4.075C4.65 4.125 4.69165 4.18385 4.725 4.2515C4.75835 4.31915 4.775 4.39365 4.775 4.475C4.775 4.55615 4.75835 4.63065 4.725 4.6985C4.69165 4.76615 4.65 4.825 4.6 4.875L0.65 8.825C0.61665 8.85835 0.577 8.8875 0.531 8.9125C0.48485 8.9375 0.4355 8.95 0.383 8.95Z\" fill=\"#FDB92A\"><\/path><\/svg>\t\t\t<\/span>\n\t\t\t\t\t\t\t\t\t<span class=\"elementor-button-text\">Kontakt aufnehmen<\/span>\n\t\t\t\t\t<\/span>\n\t\t\t\t\t<\/a>\n\t\t\t\t\t\t\t\t<\/div>\n\t\t\t\t<div class=\"elementor-element elementor-element-3e29c14 elementor-widget elementor-widget-button\" data-id=\"3e29c14\" data-element_type=\"widget\" data-e-type=\"widget\" data-widget_type=\"button.default\">\n\t\t\t\t\t\t\t\t\t\t<a class=\"elementor-button elementor-button-link elementor-size-sm\" href=\"https:\/\/syzan.com\/contact\/\">\n\t\t\t\t\t\t<span class=\"elementor-button-content-wrapper\">\n\t\t\t\t\t\t<span class=\"elementor-button-icon\">\n\t\t\t\t<svg xmlns=\"http:\/\/www.w3.org\/2000\/svg\" width=\"5\" height=\"9\" viewBox=\"0 0 5 9\" fill=\"none\"><path d=\"M0.383 8.95C0.27765 8.95 0.1875 8.9156 0.1125 8.84675C0.0375002 8.7781 0 8.6875 0 8.575V0.375C0 0.2625 0.0386502 0.17185 0.116 0.103C0.19315 0.0343502 0.28325 0 0.38625 0C0.4121 0 0.5 0.04165 0.65 0.125L4.6 4.075C4.65 4.125 4.69165 4.18385 4.725 4.2515C4.75835 4.31915 4.775 4.39365 4.775 4.475C4.775 4.55615 4.75835 4.63065 4.725 4.6985C4.69165 4.76615 4.65 4.825 4.6 4.875L0.65 8.825C0.61665 8.85835 0.577 8.8875 0.531 8.9125C0.48485 8.9375 0.4355 8.95 0.383 8.95Z\" fill=\"#202020\"><\/path><\/svg>\t\t\t<\/span>\n\t\t\t\t\t\t\t\t\t<span class=\"elementor-button-text\">Angebot anfordern<\/span>\n\t\t\t\t\t<\/span>\n\t\t\t\t\t<\/a>\n\t\t\t\t\t\t\t\t<\/div>\n\t\t\t\t<\/div>\n\t\t\t\t<\/div>\n\t\t\t\t\t<\/div>\n\t\t\t\t<\/div>\n\t\t\t\t<\/div>\n\t\t","protected":false},"excerpt":{"rendered":"<p>Vom Konzept bis zur Lieferung &#8211; Pr\u00e4zision, Geschwindigkeit und Qualit\u00e4t Bei Syzan Contract Manufacturing verwandeln wir Konzepte in hochwertige Produkte und bieten End-to-End-Fertigungsl\u00f6sungen f\u00fcr OEM- und Industriepartner weltweit. WAS WIR TUN Unser umfassender Service Bei Syzan Contract Manufacturing liefern wir fortschrittliche Produktionsl\u00f6sungen, die die Visionen unserer Kunden in die industrielle Realit\u00e4t umsetzen &#8211; mit einer [&hellip;]<\/p>\n","protected":false},"author":10,"featured_media":0,"parent":0,"menu_order":0,"comment_status":"closed","ping_status":"closed","template":"","meta":{"footnotes":""},"class_list":["post-3896","page","type-page","status-publish","hentry"],"_links":{"self":[{"href":"https:\/\/syzan.com\/de\/wp-json\/wp\/v2\/pages\/3896","targetHints":{"allow":["GET"]}}],"collection":[{"href":"https:\/\/syzan.com\/de\/wp-json\/wp\/v2\/pages"}],"about":[{"href":"https:\/\/syzan.com\/de\/wp-json\/wp\/v2\/types\/page"}],"author":[{"embeddable":true,"href":"https:\/\/syzan.com\/de\/wp-json\/wp\/v2\/users\/10"}],"replies":[{"embeddable":true,"href":"https:\/\/syzan.com\/de\/wp-json\/wp\/v2\/comments?post=3896"}],"version-history":[{"count":2,"href":"https:\/\/syzan.com\/de\/wp-json\/wp\/v2\/pages\/3896\/revisions"}],"predecessor-version":[{"id":4003,"href":"https:\/\/syzan.com\/de\/wp-json\/wp\/v2\/pages\/3896\/revisions\/4003"}],"wp:attachment":[{"href":"https:\/\/syzan.com\/de\/wp-json\/wp\/v2\/media?parent=3896"}],"curies":[{"name":"wp","href":"https:\/\/api.w.org\/{rel}","templated":true}]}}